{"id":2149,"date":"2026-02-27T12:21:21","date_gmt":"2026-02-27T12:21:21","guid":{"rendered":"https:\/\/rakbeauty.com\/?page_id=2149"},"modified":"2026-02-27T12:27:05","modified_gmt":"2026-02-27T12:27:05","slug":"terms-of-use","status":"publish","type":"page","link":"https:\/\/rakbeauty.com\/uk\/terms-of-use\/","title":{"rendered":"\u0423\u043c\u043e\u0432\u0438 \u0432\u0438\u043a\u043e\u0440\u0438\u0441\u0442\u0430\u043d\u043d\u044f"},"content":{"rendered":"<div data-elementor-type=\"wp-page\" data-elementor-id=\"2149\" class=\"elementor elementor-2149\">\n\t\t\t\t<div class=\"elementor-element elementor-element-75362c1 e-flex e-con-boxed e-con e-parent\" data-id=\"75362c1\" data-element_type=\"container\" data-e-type=\"container\">\n\t\t\t\t\t<div class=\"e-con-inner\">\n\t\t\t\t<div class=\"elementor-element elementor-element-d6c5dea elementor-widget elementor-widget-heading\" data-id=\"d6c5dea\" data-element_type=\"widget\" data-e-type=\"widget\" data-widget_type=\"heading.default\">\n\t\t\t\t\t<div class=\"elementor-heading-title elementor-size-default\">\u0423\u043c\u043e\u0432\u0438 \u0432\u0438\u043a\u043e\u0440\u0438\u0441\u0442\u0430\u043d\u043d\u044f<\/div>\t\t\t\t<\/div>\n\t\t\t\t\t<\/div>\n\t\t\t\t<\/div>\n\t\t<div class=\"elementor-element elementor-element-5ef80d3 e-flex e-con-boxed e-con e-parent\" data-id=\"5ef80d3\" data-element_type=\"container\" data-e-type=\"container\">\n\t\t\t\t\t<div class=\"e-con-inner\">\n\t\t\t\t<div class=\"elementor-element elementor-element-f48c71d elementor-widget elementor-widget-heading\" data-id=\"f48c71d\" data-element_type=\"widget\" data-e-type=\"widget\" data-widget_type=\"heading.default\">\n\t\t\t\t\t<div class=\"elementor-heading-title elementor-size-default\">\u0423\u043c\u043e\u0432\u0438 \u0432\u0438\u043a\u043e\u0440\u0438\u0441\u0442\u0430\u043d\u043d\u044f<\/div>\t\t\t\t<\/div>\n\t\t\t\t<div class=\"elementor-element elementor-element-db1e624 elementor-widget elementor-widget-text-editor\" data-id=\"db1e624\" data-element_type=\"widget\" data-e-type=\"widget\" data-widget_type=\"text-editor.default\">\n\t\t\t\t\t\t\t\t\t<p class=\"p1\">\u0426\u0456 \u0443\u043c\u043e\u0432\u0438 \u0432\u0438\u043a\u043e\u0440\u0438\u0441\u0442\u0430\u043d\u043d\u044f \u0440\u0435\u0433\u0443\u043b\u044e\u044e\u0442\u044c \u0432\u0438\u043a\u043e\u0440\u0438\u0441\u0442\u0430\u043d\u043d\u044f \u0432\u0435\u0431-\u0441\u0430\u0439\u0442\u0443 <a href=\"https:\/\/rakbeauty.com\/uk\/\">https:\/\/rakbeauty.com\/<\/a>.<\/p>\t\t\t\t\t\t\t\t<\/div>\n\t\t\t\t<div class=\"elementor-element elementor-element-31d457a elementor-widget elementor-widget-heading\" data-id=\"31d457a\" data-element_type=\"widget\" data-e-type=\"widget\" data-widget_type=\"heading.default\">\n\t\t\t\t\t<div class=\"elementor-heading-title elementor-size-default\">1. \u0441\u0444\u0435\u0440\u0430 \u0437\u0430\u0441\u0442\u043e\u0441\u0443\u0432\u0430\u043d\u043d\u044f<\/div>\t\t\t\t<\/div>\n\t\t\t\t<div class=\"elementor-element elementor-element-83b3626 elementor-widget elementor-widget-text-editor\" data-id=\"83b3626\" data-element_type=\"widget\" data-e-type=\"widget\" data-widget_type=\"text-editor.default\">\n\t\t\t\t\t\t\t\t\t<p class=\"p1\">\u041e\u0442\u0440\u0438\u043c\u0443\u044e\u0447\u0438 \u0434\u043e\u0441\u0442\u0443\u043f \u0434\u043e \u0446\u044c\u043e\u0433\u043e \u0432\u0435\u0431-\u0441\u0430\u0439\u0442\u0443, \u0432\u0438 \u043f\u043e\u0433\u043e\u0434\u0436\u0443\u0454\u0442\u0435\u0441\u044f \u0437 \u0446\u0438\u043c\u0438 \u0443\u043c\u043e\u0432\u0430\u043c\u0438 \u0432\u0438\u043a\u043e\u0440\u0438\u0441\u0442\u0430\u043d\u043d\u044f.<\/p>\t\t\t\t\t\t\t\t<\/div>\n\t\t\t\t<div class=\"elementor-element elementor-element-8061fde elementor-widget elementor-widget-heading\" data-id=\"8061fde\" data-element_type=\"widget\" data-e-type=\"widget\" data-widget_type=\"heading.default\">\n\t\t\t\t\t<div class=\"elementor-heading-title elementor-size-default\">2. \u043f\u0435\u0440\u0435\u0432\u0430\u0433\u0438<\/div>\t\t\t\t<\/div>\n\t\t\t\t<div class=\"elementor-element elementor-element-59ccd30 elementor-widget elementor-widget-text-editor\" data-id=\"59ccd30\" data-element_type=\"widget\" data-e-type=\"widget\" data-widget_type=\"text-editor.default\">\n\t\t\t\t\t\t\t\t\t<p class=\"p1\">\u0406\u043d\u0444\u043e\u0440\u043c\u0430\u0446\u0456\u044f, \u043f\u0440\u0435\u0434\u0441\u0442\u0430\u0432\u043b\u0435\u043d\u0430 \u043d\u0430 \u0446\u044c\u043e\u043c\u0443 \u0441\u0430\u0439\u0442\u0456, \u043f\u0440\u0438\u0437\u043d\u0430\u0447\u0435\u043d\u0430 \u0434\u043b\u044f \u043d\u0430\u0434\u0430\u043d\u043d\u044f \u0437\u0430\u0433\u0430\u043b\u044c\u043d\u043e\u0457 \u0456\u043d\u0444\u043e\u0440\u043c\u0430\u0446\u0456\u0457 \u043f\u0440\u043e \u043d\u0430\u0448\u0456 \u043f\u043e\u0441\u043b\u0443\u0433\u0438 <br \/>(\u043c\u0430\u043d\u0456\u043a\u044e\u0440, \u043f\u0435\u0434\u0438\u043a\u044e\u0440, \u043f\u043e\u0434\u043e\u043b\u043e\u0433\u0456\u044f, \u043b\u0430\u0437\u0435\u0440\u043d\u0430 \u0435\u043f\u0456\u043b\u044f\u0446\u0456\u044f \u0442\u043e\u0449\u043e).<\/p>\t\t\t\t\t\t\t\t<\/div>\n\t\t\t\t<div class=\"elementor-element elementor-element-1ac2c91 elementor-widget elementor-widget-heading\" data-id=\"1ac2c91\" data-element_type=\"widget\" data-e-type=\"widget\" data-widget_type=\"heading.default\">\n\t\t\t\t\t<div class=\"elementor-heading-title elementor-size-default\">3. \u0432\u0456\u0434\u043f\u043e\u0432\u0456\u0434\u0430\u043b\u044c\u043d\u0456\u0441\u0442\u044c<\/div>\t\t\t\t<\/div>\n\t\t\t\t<div class=\"elementor-element elementor-element-aed36aa elementor-widget elementor-widget-text-editor\" data-id=\"aed36aa\" data-element_type=\"widget\" data-e-type=\"widget\" data-widget_type=\"text-editor.default\">\n\t\t\t\t\t\t\t\t\t<p class=\"p1\">\u041c\u0438 \u043d\u0435 \u043d\u0435\u0441\u0435\u043c\u043e \u0432\u0456\u0434\u043f\u043e\u0432\u0456\u0434\u0430\u043b\u044c\u043d\u043e\u0441\u0442\u0456 \u0437\u0430 \u0430\u043a\u0442\u0443\u0430\u043b\u044c\u043d\u0456\u0441\u0442\u044c, \u043f\u043e\u0432\u043d\u043e\u0442\u0443 \u0442\u0430 \u043f\u0440\u0430\u0432\u0438\u043b\u044c\u043d\u0456\u0441\u0442\u044c \u043d\u0430\u0434\u0430\u043d\u043e\u0433\u043e \u043a\u043e\u043d\u0442\u0435\u043d\u0442\u0443.<br \/>\u0412\u0438\u043c\u043e\u0433\u0438 \u043f\u0440\u043e \u0432\u0456\u0434\u0448\u043a\u043e\u0434\u0443\u0432\u0430\u043d\u043d\u044f \u0437\u0431\u0438\u0442\u043a\u0456\u0432 \u0432\u0438\u043a\u043b\u044e\u0447\u0430\u044e\u0442\u044c\u0441\u044f \u0437\u0430 \u0443\u043c\u043e\u0432\u0438 \u0432\u0456\u0434\u0441\u0443\u0442\u043d\u043e\u0441\u0442\u0456 \u043d\u0430\u0432\u043c\u0438\u0441\u043d\u043e\u0457 \u0430\u0431\u043e \u0433\u0440\u0443\u0431\u043e\u0457 \u043d\u0435\u0434\u0431\u0430\u043b\u043e\u0441\u0442\u0456.<\/p>\t\t\t\t\t\t\t\t<\/div>\n\t\t\t\t<div class=\"elementor-element elementor-element-846fa33 elementor-widget elementor-widget-heading\" data-id=\"846fa33\" data-element_type=\"widget\" data-e-type=\"widget\" data-widget_type=\"heading.default\">\n\t\t\t\t\t<div class=\"elementor-heading-title elementor-size-default\">4. \u0431\u0440\u043e\u043d\u044e\u0432\u0430\u043d\u043d\u044f \u0437\u0443\u0441\u0442\u0440\u0456\u0447\u0435\u0439<\/div>\t\t\t\t<\/div>\n\t\t\t\t<div class=\"elementor-element elementor-element-6af5d68 elementor-widget elementor-widget-text-editor\" data-id=\"6af5d68\" data-element_type=\"widget\" data-e-type=\"widget\" data-widget_type=\"text-editor.default\">\n\t\t\t\t\t\t\t\t\t<p class=\"p1\">\u0411\u0440\u043e\u043d\u044e\u0432\u0430\u043d\u043d\u044f \u0437\u0443\u0441\u0442\u0440\u0456\u0447\u0456 \u0447\u0435\u0440\u0435\u0437 \u0432\u0435\u0431-\u0441\u0430\u0439\u0442 \u043d\u0435 \u0454 \u043e\u0431\u043e\u0432'\u044f\u0437\u043a\u043e\u0432\u0438\u043c \u0437\u0430\u043f\u0438\u0442\u043e\u043c.<br \/>\u0417\u0430\u043f\u0438\u0441 \u0454 \u043e\u0431\u043e\u0432'\u044f\u0437\u043a\u043e\u0432\u0438\u043c \u0442\u0456\u043b\u044c\u043a\u0438 \u043f\u0456\u0441\u043b\u044f \u043f\u0456\u0434\u0442\u0432\u0435\u0440\u0434\u0436\u0435\u043d\u043d\u044f \u0432\u0456\u0434 RAK Beauty.<\/p>\t\t\t\t\t\t\t\t<\/div>\n\t\t\t\t<div class=\"elementor-element elementor-element-0b0a422 elementor-widget elementor-widget-heading\" data-id=\"0b0a422\" data-element_type=\"widget\" data-e-type=\"widget\" data-widget_type=\"heading.default\">\n\t\t\t\t\t<div class=\"elementor-heading-title elementor-size-default\">5. \u0430\u0432\u0442\u043e\u0440\u0441\u044c\u043a\u0435 \u043f\u0440\u0430\u0432\u043e<\/div>\t\t\t\t<\/div>\n\t\t\t\t<div class=\"elementor-element elementor-element-4bf947c elementor-widget elementor-widget-text-editor\" data-id=\"4bf947c\" data-element_type=\"widget\" data-e-type=\"widget\" data-widget_type=\"text-editor.default\">\n\t\t\t\t\t\t\t\t\t<p class=\"p1\">\u0412\u0435\u0441\u044c \u0432\u043c\u0456\u0441\u0442 \u0446\u044c\u043e\u0433\u043e \u0441\u0430\u0439\u0442\u0443 (\u0442\u0435\u043a\u0441\u0442\u0438, \u0437\u043e\u0431\u0440\u0430\u0436\u0435\u043d\u043d\u044f, \u043b\u043e\u0433\u043e\u0442\u0438\u043f\u0438, \u0434\u0438\u0437\u0430\u0439\u043d) \u0454 \u043e\u0431'\u0454\u043a\u0442\u043e\u043c \u0430\u0432\u0442\u043e\u0440\u0441\u044c\u043a\u043e\u0433\u043e \u043f\u0440\u0430\u0432\u0430.<br \/>\u0412\u0438\u043a\u043e\u0440\u0438\u0441\u0442\u0430\u043d\u043d\u044f \u0431\u0435\u0437 \u043f\u0438\u0441\u044c\u043c\u043e\u0432\u043e\u0433\u043e \u0434\u043e\u0437\u0432\u043e\u043b\u0443 \u0437\u0430\u0431\u043e\u0440\u043e\u043d\u0435\u043d\u043e.<\/p>\t\t\t\t\t\t\t\t<\/div>\n\t\t\t\t<div class=\"elementor-element elementor-element-a9abd69 elementor-widget elementor-widget-heading\" data-id=\"a9abd69\" data-element_type=\"widget\" data-e-type=\"widget\" data-widget_type=\"heading.default\">\n\t\t\t\t\t<div class=\"elementor-heading-title elementor-size-default\">6. \u0437\u043e\u0432\u043d\u0456\u0448\u043d\u0456 \u043f\u043e\u0441\u0438\u043b\u0430\u043d\u043d\u044f<\/div>\t\t\t\t<\/div>\n\t\t\t\t<div class=\"elementor-element elementor-element-c223ad1 elementor-widget elementor-widget-text-editor\" data-id=\"c223ad1\" data-element_type=\"widget\" data-e-type=\"widget\" data-widget_type=\"text-editor.default\">\n\t\t\t\t\t\t\t\t\t<p class=\"p1\">\u041d\u0430\u0448 \u0432\u0435\u0431-\u0441\u0430\u0439\u0442 \u043c\u043e\u0436\u0435 \u043c\u0456\u0441\u0442\u0438\u0442\u0438 \u043f\u043e\u0441\u0438\u043b\u0430\u043d\u043d\u044f \u043d\u0430 \u0437\u043e\u0432\u043d\u0456\u0448\u043d\u0456 \u0432\u0435\u0431-\u0441\u0430\u0439\u0442\u0438. <br \/>\u041c\u0438 \u043d\u0435 \u043d\u0435\u0441\u0435\u043c\u043e \u0432\u0456\u0434\u043f\u043e\u0432\u0456\u0434\u0430\u043b\u044c\u043d\u043e\u0441\u0442\u0456 \u0437\u0430 \u0457\u0445\u043d\u0456\u0439 \u0437\u043c\u0456\u0441\u0442.<\/p>\t\t\t\t\t\t\t\t<\/div>\n\t\t\t\t<div class=\"elementor-element elementor-element-6c1695b elementor-widget elementor-widget-heading\" data-id=\"6c1695b\" data-element_type=\"widget\" data-e-type=\"widget\" data-widget_type=\"heading.default\">\n\t\t\t\t\t<div class=\"elementor-heading-title elementor-size-default\">7. \u0437\u043c\u0456\u043d\u0438 \u0434\u043e \u0443\u043c\u043e\u0432 \u0432\u0438\u043a\u043e\u0440\u0438\u0441\u0442\u0430\u043d\u043d\u044f<\/div>\t\t\t\t<\/div>\n\t\t\t\t<div class=\"elementor-element elementor-element-02d329c elementor-widget elementor-widget-text-editor\" data-id=\"02d329c\" data-element_type=\"widget\" data-e-type=\"widget\" data-widget_type=\"text-editor.default\">\n\t\t\t\t\t\t\t\t\t<p class=\"p1\">\u041c\u0438 \u0437\u0430\u043b\u0438\u0448\u0430\u0454\u043c\u043e \u0437\u0430 \u0441\u043e\u0431\u043e\u044e \u043f\u0440\u0430\u0432\u043e \u0437\u043c\u0456\u043d\u044e\u0432\u0430\u0442\u0438 \u0446\u0456 \u0443\u043c\u043e\u0432\u0438 \u0432\u0438\u043a\u043e\u0440\u0438\u0441\u0442\u0430\u043d\u043d\u044f \u0432 \u0431\u0443\u0434\u044c-\u044f\u043a\u0438\u0439 \u0447\u0430\u0441.<\/p>\t\t\t\t\t\t\t\t<\/div>\n\t\t\t\t<div class=\"elementor-element elementor-element-1a37b94 elementor-widget elementor-widget-heading\" data-id=\"1a37b94\" data-element_type=\"widget\" data-e-type=\"widget\" data-widget_type=\"heading.default\">\n\t\t\t\t\t<div class=\"elementor-heading-title elementor-size-default\">8 \u0417\u0430\u043a\u043e\u043d\u043e\u0434\u0430\u0432\u0441\u0442\u0432\u043e, \u0449\u043e \u0437\u0430\u0441\u0442\u043e\u0441\u043e\u0432\u0443\u0454\u0442\u044c\u0441\u044f<\/div>\t\t\t\t<\/div>\n\t\t\t\t<div class=\"elementor-element elementor-element-80ca4e8 elementor-widget elementor-widget-text-editor\" data-id=\"80ca4e8\" data-element_type=\"widget\" data-e-type=\"widget\" data-widget_type=\"text-editor.default\">\n\t\t\t\t\t\t\t\t\t<p class=\"p1\">\u0417\u0430\u0441\u0442\u043e\u0441\u043e\u0432\u0443\u0454\u0442\u044c\u0441\u044f \u043f\u0440\u0430\u0432\u043e \u0424\u0435\u0434\u0435\u0440\u0430\u0442\u0438\u0432\u043d\u043e\u0457 \u0420\u0435\u0441\u043f\u0443\u0431\u043b\u0456\u043a\u0438 \u041d\u0456\u043c\u0435\u0447\u0447\u0438\u043d\u0430, \u044f\u043a\u0449\u043e \u043d\u0435\u043c\u0430\u0454 \u043e\u0431\u043e\u0432'\u044f\u0437\u043a\u043e\u0432\u0438\u0445 \u0437\u0430\u043a\u043e\u043d\u043e\u0434\u0430\u0432\u0447\u0438\u0445 \u043f\u043e\u043b\u043e\u0436\u0435\u043d\u044c, \u0449\u043e \u043f\u0435\u0440\u0435\u0434\u0431\u0430\u0447\u0430\u044e\u0442\u044c \u0456\u043d\u0448\u0435.<\/p>\t\t\t\t\t\t\t\t<\/div>\n\t\t\t\t\t<\/div>\n\t\t\t\t<\/div>\n\t\t\t\t<\/div>","protected":false},"excerpt":{"rendered":"<p>Nutzungsbedingungen Nutzungsbedingungen Diese Nutzungsbedingungen regeln die Nutzung der Website https:\/\/rakbeauty.com\/. 1. Geltungsbereich Mit dem Zugriff auf diese Website erkl\u00e4ren Sie sich mit diesen Nutzungsbedingungen einverstanden. 2. Leistungen Die auf dieser Website dargestellten Informationen dienen der allgemeinen Information \u00fcber unsere Dienstleistungen (Manik\u00fcre, Pedik\u00fcre, Podologie, Laser-Haarentfernung u. a.). 3. Haftung Wir \u00fcbernehmen keine Gew\u00e4hr f\u00fcr die Aktualit\u00e4t, [&hellip;]<\/p>\n","protected":false},"author":2,"featured_media":0,"parent":0,"menu_order":0,"comment_status":"closed","ping_status":"closed","template":"elementor_header_footer","meta":{"footnotes":""},"class_list":["post-2149","page","type-page","status-publish","hentry"],"blocksy_meta":[],"aioseo_notices":[],"_links":{"self":[{"href":"https:\/\/rakbeauty.com\/uk\/wp-json\/wp\/v2\/pages\/2149","targetHints":{"allow":["GET"]}}],"collection":[{"href":"https:\/\/rakbeauty.com\/uk\/wp-json\/wp\/v2\/pages"}],"about":[{"href":"https:\/\/rakbeauty.com\/uk\/wp-json\/wp\/v2\/types\/page"}],"author":[{"embeddable":true,"href":"https:\/\/rakbeauty.com\/uk\/wp-json\/wp\/v2\/users\/2"}],"replies":[{"embeddable":true,"href":"https:\/\/rakbeauty.com\/uk\/wp-json\/wp\/v2\/comments?post=2149"}],"version-history":[{"count":4,"href":"https:\/\/rakbeauty.com\/uk\/wp-json\/wp\/v2\/pages\/2149\/revisions"}],"predecessor-version":[{"id":2153,"href":"https:\/\/rakbeauty.com\/uk\/wp-json\/wp\/v2\/pages\/2149\/revisions\/2153"}],"wp:attachment":[{"href":"https:\/\/rakbeauty.com\/uk\/wp-json\/wp\/v2\/media?parent=2149"}],"curies":[{"name":"wp","href":"https:\/\/api.w.org\/{rel}","templated":true}]}}