{"id":1361,"date":"2026-02-18T19:43:25","date_gmt":"2026-02-18T19:43:25","guid":{"rendered":"https:\/\/rakbeauty.com\/?page_id=1361"},"modified":"2026-02-26T21:56:13","modified_gmt":"2026-02-26T21:56:13","slug":"storinka-podyaky","status":"publish","type":"page","link":"https:\/\/rakbeauty.com\/en\/storinka-podyaky\/","title":{"rendered":"Thank you page"},"content":{"rendered":"<div data-elementor-type=\"wp-page\" data-elementor-id=\"1361\" class=\"elementor elementor-1361\">\n\t\t\t\t<div class=\"elementor-element elementor-element-6be096a e-flex e-con-boxed e-con e-parent\" data-id=\"6be096a\" data-element_type=\"container\" data-e-type=\"container\">\n\t\t\t\t\t<div class=\"e-con-inner\">\n\t\t\t\t<div class=\"elementor-element elementor-element-0ba2405 elementor-widget elementor-widget-heading\" data-id=\"0ba2405\" data-element_type=\"widget\" data-e-type=\"widget\" data-widget_type=\"heading.default\">\n\t\t\t\t\t<div class=\"elementor-heading-title elementor-size-default\">Thank you for your inquiry.<\/div>\t\t\t\t<\/div>\n\t\t\t\t<div class=\"elementor-element elementor-element-dfbcff7 elementor-widget elementor-widget-text-editor\" data-id=\"dfbcff7\" data-element_type=\"widget\" data-e-type=\"widget\" data-widget_type=\"text-editor.default\">\n\t\t\t\t\t\t\t\t\t<div class=\"elementor-element elementor-element-b4b76ee elementor-widget__width-initial elementor-widget-mobile__width-inherit elementor-widget elementor-widget-heading is-mac\" data-id=\"b4b76ee\" data-element_type=\"widget\" data-widget_type=\"heading.default\"><div class=\"elementor-widget-container\"><div class=\"elementor-heading-title elementor-size-default\">We will get in touch with you as soon as possible.<\/div><\/div><\/div>\t\t\t\t\t\t\t\t<\/div>\n\t\t\t\t<div class=\"elementor-element elementor-element-a590a26 elementor-align-center elementor-widget elementor-widget-button\" data-id=\"a590a26\" data-element_type=\"widget\" data-e-type=\"widget\" data-widget_type=\"button.default\">\n\t\t\t\t\t\t\t\t\t\t<a class=\"elementor-button elementor-button-link elementor-size-sm\" href=\"https:\/\/rakbeauty.com\/en\">\n\t\t\t\t\t\t<span class=\"elementor-button-content-wrapper\">\n\t\t\t\t\t\t\t\t\t<span class=\"elementor-button-text\">Back to the main page<\/span>\n\t\t\t\t\t<\/span>\n\t\t\t\t\t<\/a>\n\t\t\t\t\t\t\t\t<\/div>\n\t\t\t\t\t<\/div>\n\t\t\t\t<\/div>\n\t\t\t\t<\/div>","protected":false},"excerpt":{"rendered":"<p>Vielen Dank f\u00fcr Ihre Anfrage. Wir werden uns so schnell wie m\u00f6glich mit Ihnen in Verbindung setzen. Zur\u00fcck zur Hauptseite<\/p>","protected":false},"author":1,"featured_media":0,"parent":0,"menu_order":0,"comment_status":"closed","ping_status":"closed","template":"elementor_canvas","meta":{"footnotes":""},"class_list":["post-1361","page","type-page","status-publish","hentry"],"blocksy_meta":[],"aioseo_notices":[],"_links":{"self":[{"href":"https:\/\/rakbeauty.com\/en\/wp-json\/wp\/v2\/pages\/1361","targetHints":{"allow":["GET"]}}],"collection":[{"href":"https:\/\/rakbeauty.com\/en\/wp-json\/wp\/v2\/pages"}],"about":[{"href":"https:\/\/rakbeauty.com\/en\/wp-json\/wp\/v2\/types\/page"}],"author":[{"embeddable":true,"href":"https:\/\/rakbeauty.com\/en\/wp-json\/wp\/v2\/users\/1"}],"replies":[{"embeddable":true,"href":"https:\/\/rakbeauty.com\/en\/wp-json\/wp\/v2\/comments?post=1361"}],"version-history":[{"count":11,"href":"https:\/\/rakbeauty.com\/en\/wp-json\/wp\/v2\/pages\/1361\/revisions"}],"predecessor-version":[{"id":2055,"href":"https:\/\/rakbeauty.com\/en\/wp-json\/wp\/v2\/pages\/1361\/revisions\/2055"}],"wp:attachment":[{"href":"https:\/\/rakbeauty.com\/en\/wp-json\/wp\/v2\/media?parent=1361"}],"curies":[{"name":"wp","href":"https:\/\/api.w.org\/{rel}","templated":true}]}}